{"id":129,"date":"2011-06-06T22:30:23","date_gmt":"2011-06-06T22:30:23","guid":{"rendered":"http:\/\/www.drijfzand.nl\/?page_id=129"},"modified":"2012-05-21T10:37:19","modified_gmt":"2012-05-21T10:37:19","slug":"le-bourgeois-gentilhomme","status":"publish","type":"page","link":"https:\/\/www.drijfzand.nl\/?page_id=129","title":{"rendered":"Le Bourgeois Gentilhomme"},"content":{"rendered":"<fb:like href='https:\/\/www.drijfzand.nl\/?page_id=129' send='true' layout='button_count' show_faces='true' width='450' height='65' action='like' colorscheme='light' font='lucida grande'><\/fb:like><p><a href=\"http:\/\/www.drijfzand.nl\/httpdocs\/wp-content\/uploads\/le-bourgeois.jpg\"><img loading=\"lazy\" decoding=\"async\" class=\"alignright size-full wp-image-130\" title=\"le bourgeois\" src=\"http:\/\/www.drijfzand.nl\/httpdocs\/wp-content\/uploads\/le-bourgeois.jpg\" alt=\"\" width=\"325\" height=\"480\" srcset=\"https:\/\/www.drijfzand.nl\/httpdocs\/wp-content\/uploads\/le-bourgeois.jpg 325w, https:\/\/www.drijfzand.nl\/httpdocs\/wp-content\/uploads\/le-bourgeois-203x300.jpg 203w\" sizes=\"auto, (max-width: 325px) 100vw, 325px\" \/><\/a><\/p>\n<p>&nbsp;<\/p>\n<p>&nbsp;<\/p>\n<p>&nbsp;<\/p>\n<p>&nbsp;<\/p>\n<p>&nbsp;<\/p>\n<p>&nbsp;<\/p>\n<p>&nbsp;<\/p>\n<p>&nbsp;<\/p>\n<p>&nbsp;<\/p>\n<p>&nbsp;<\/p>\n<p>&nbsp;<\/p>\n<p>&nbsp;<\/p>\n<p>&nbsp;<\/p>\n<p>&nbsp;<\/p>\n<p>&nbsp;<\/p>\n<p>Het zeventiende-eeuwse muziektheaterstuk van Moli\u00e8re. Het verhaal van meneer Jourdain, die alles in het leven heeft, een gelukkig gezin, meer geld dan hij op kan, maar g\u00e9\u00e9n adellijke titel en het verlangen daarnaar wordt voor hem een obsessie. Uiteraard zijn er velen die bereid zijn hem in ruil voor flink wat geld in zijn waan te laten.<\/p>\n<p>Ook vandaag wemelt het nog van de Jourdains, die ten koste van alles de schijn van eer en stand hoog willen houden.<\/p>\n<p>Regie : Gerard van Rijnstra<\/p>\n<p>Choreografie : Mauke Vink<\/p>\n<p>Muzikale leiding : Paul Sonneveld<\/p>\n<p>Spelers :<\/p>\n<p>Constant van den Steenhoven, Ruth Wermers, Inge van der Meulen, Mirjam van Galen, Hans Lobbezoo, Mike Spronkmans, Piet Hein van Gilse, Marieke van der Putten, Arjan Spit, Wim de Lange, Sione Twilt, Guus Valk, Ludwig Versluis, Nathalie van Kats, Anneke Barendrecht, Monique Schutte, Sam Beisser, Yvette Philippa, Jolanda de Lange, Tania Kuiper, Nicole den Uyl en Rebecca Paardekooper-van Kats<\/p>\n<p>Orkest :<\/p>\n<p>Paul Sonneveld, Araksy van der Linden, Janet Stolk, Femke van der Zeijden, Maarten Pieters, Alexander Meeder, Martin Pagie, Hans Custers en Jeroen Talla<\/p>\n<p>&nbsp;<\/p>\n\n\t\t<style type=\"text\/css\">\n\t\t\t#gallery-1 {\n\t\t\t\tmargin: auto;\n\t\t\t}\n\t\t\t#gallery-1 .gallery-item {\n\t\t\t\tfloat: left;\n\t\t\t\tmargin-top: 10px;\n\t\t\t\ttext-align: center;\n\t\t\t\twidth: 33%;\n\t\t\t}\n\t\t\t#gallery-1 img {\n\t\t\t\tborder: 2px solid #cfcfcf;\n\t\t\t}\n\t\t\t#gallery-1 .gallery-caption {\n\t\t\t\tmargin-left: 0;\n\t\t\t}\n\t\t\t\/* see gallery_shortcode() in wp-includes\/media.php *\/\n\t\t<\/style>\n\t\t<div id='gallery-1' class='gallery galleryid-129 gallery-columns-3 gallery-size-thumbnail'><dl class='gallery-item'>\n\t\t\t<dt class='gallery-icon portrait'>\n\t\t\t\t<a href='https:\/\/www.drijfzand.nl\/?attachment_id=130'><img loading=\"lazy\" decoding=\"async\" width=\"150\" height=\"150\" src=\"https:\/\/www.drijfzand.nl\/httpdocs\/wp-content\/uploads\/le-bourgeois-150x150.jpg\" class=\"attachment-thumbnail size-thumbnail\" alt=\"\" \/><\/a>\n\t\t\t<\/dt><\/dl><dl class='gallery-item'>\n\t\t\t<dt class='gallery-icon portrait'>\n\t\t\t\t<a href='https:\/\/www.drijfzand.nl\/?attachment_id=658'><img loading=\"lazy\" decoding=\"async\" width=\"150\" height=\"150\" src=\"https:\/\/www.drijfzand.nl\/httpdocs\/wp-content\/uploads\/dorante-en-dorimene-150x150.jpg\" class=\"attachment-thumbnail size-thumbnail\" alt=\"\" \/><\/a>\n\t\t\t<\/dt><\/dl><dl class='gallery-item'>\n\t\t\t<dt class='gallery-icon portrait'>\n\t\t\t\t<a href='https:\/\/www.drijfzand.nl\/?attachment_id=659'><img loading=\"lazy\" decoding=\"async\" width=\"150\" height=\"150\" src=\"https:\/\/www.drijfzand.nl\/httpdocs\/wp-content\/uploads\/edelman-2-150x150.jpg\" class=\"attachment-thumbnail size-thumbnail\" alt=\"\" \/><\/a>\n\t\t\t<\/dt><\/dl><br style=\"clear: both\" \/><dl class='gallery-item'>\n\t\t\t<dt class='gallery-icon portrait'>\n\t\t\t\t<a href='https:\/\/www.drijfzand.nl\/?attachment_id=660'><img loading=\"lazy\" decoding=\"async\" width=\"150\" height=\"150\" src=\"https:\/\/www.drijfzand.nl\/httpdocs\/wp-content\/uploads\/edelman-3-150x150.jpg\" class=\"attachment-thumbnail size-thumbnail\" alt=\"\" \/><\/a>\n\t\t\t<\/dt><\/dl><dl class='gallery-item'>\n\t\t\t<dt class='gallery-icon portrait'>\n\t\t\t\t<a href='https:\/\/www.drijfzand.nl\/?attachment_id=661'><img loading=\"lazy\" decoding=\"async\" width=\"150\" height=\"150\" src=\"https:\/\/www.drijfzand.nl\/httpdocs\/wp-content\/uploads\/edelman-150x150.jpg\" class=\"attachment-thumbnail size-thumbnail\" alt=\"\" \/><\/a>\n\t\t\t<\/dt><\/dl><dl class='gallery-item'>\n\t\t\t<dt class='gallery-icon landscape'>\n\t\t\t\t<a href='https:\/\/www.drijfzand.nl\/?attachment_id=662'><img loading=\"lazy\" decoding=\"async\" width=\"150\" height=\"150\" src=\"https:\/\/www.drijfzand.nl\/httpdocs\/wp-content\/uploads\/grote-turk-150x150.jpg\" class=\"attachment-thumbnail size-thumbnail\" alt=\"\" \/><\/a>\n\t\t\t<\/dt><\/dl><br style=\"clear: both\" \/><dl class='gallery-item'>\n\t\t\t<dt class='gallery-icon portrait'>\n\t\t\t\t<a href='https:\/\/www.drijfzand.nl\/?attachment_id=663'><img loading=\"lazy\" decoding=\"async\" width=\"150\" height=\"150\" src=\"https:\/\/www.drijfzand.nl\/httpdocs\/wp-content\/uploads\/H-M-150x150.jpg\" class=\"attachment-thumbnail size-thumbnail\" alt=\"\" \/><\/a>\n\t\t\t<\/dt><\/dl><dl class='gallery-item'>\n\t\t\t<dt class='gallery-icon portrait'>\n\t\t\t\t<a href='https:\/\/www.drijfzand.nl\/?attachment_id=664'><img loading=\"lazy\" decoding=\"async\" width=\"150\" height=\"150\" src=\"https:\/\/www.drijfzand.nl\/httpdocs\/wp-content\/uploads\/herderinnen-150x150.jpg\" class=\"attachment-thumbnail size-thumbnail\" alt=\"\" \/><\/a>\n\t\t\t<\/dt><\/dl><dl class='gallery-item'>\n\t\t\t<dt class='gallery-icon portrait'>\n\t\t\t\t<a href='https:\/\/www.drijfzand.nl\/?attachment_id=666'><img loading=\"lazy\" decoding=\"async\" width=\"150\" height=\"150\" src=\"https:\/\/www.drijfzand.nl\/httpdocs\/wp-content\/uploads\/hyacint-2-150x150.jpg\" class=\"attachment-thumbnail size-thumbnail\" alt=\"\" \/><\/a>\n\t\t\t<\/dt><\/dl><br style=\"clear: both\" \/><dl class='gallery-item'>\n\t\t\t<dt class='gallery-icon portrait'>\n\t\t\t\t<a href='https:\/\/www.drijfzand.nl\/?attachment_id=667'><img loading=\"lazy\" decoding=\"async\" width=\"150\" height=\"150\" src=\"https:\/\/www.drijfzand.nl\/httpdocs\/wp-content\/uploads\/money-2-150x150.jpg\" class=\"attachment-thumbnail size-thumbnail\" alt=\"\" \/><\/a>\n\t\t\t<\/dt><\/dl><dl class='gallery-item'>\n\t\t\t<dt class='gallery-icon portrait'>\n\t\t\t\t<a href='https:\/\/www.drijfzand.nl\/?attachment_id=669'><img loading=\"lazy\" decoding=\"async\" width=\"150\" height=\"150\" src=\"https:\/\/www.drijfzand.nl\/httpdocs\/wp-content\/uploads\/schermleraar-150x150.jpg\" class=\"attachment-thumbnail size-thumbnail\" alt=\"\" \/><\/a>\n\t\t\t<\/dt><\/dl><dl class='gallery-item'>\n\t\t\t<dt class='gallery-icon portrait'>\n\t\t\t\t<a href='https:\/\/www.drijfzand.nl\/?attachment_id=670'><img loading=\"lazy\" decoding=\"async\" width=\"150\" height=\"150\" src=\"https:\/\/www.drijfzand.nl\/httpdocs\/wp-content\/uploads\/song-150x150.jpg\" class=\"attachment-thumbnail size-thumbnail\" alt=\"\" \/><\/a>\n\t\t\t<\/dt><\/dl><br style=\"clear: both\" \/><dl class='gallery-item'>\n\t\t\t<dt class='gallery-icon portrait'>\n\t\t\t\t<a href='https:\/\/www.drijfzand.nl\/?attachment_id=671'><img loading=\"lazy\" decoding=\"async\" width=\"150\" height=\"150\" src=\"https:\/\/www.drijfzand.nl\/httpdocs\/wp-content\/uploads\/kleermaker-150x150.jpg\" class=\"attachment-thumbnail size-thumbnail\" alt=\"\" \/><\/a>\n\t\t\t<\/dt><\/dl><dl class='gallery-item'>\n\t\t\t<dt class='gallery-icon portrait'>\n\t\t\t\t<a href='https:\/\/www.drijfzand.nl\/?attachment_id=672'><img loading=\"lazy\" decoding=\"async\" width=\"150\" height=\"150\" src=\"https:\/\/www.drijfzand.nl\/httpdocs\/wp-content\/uploads\/dansleraar-150x150.jpg\" class=\"attachment-thumbnail size-thumbnail\" alt=\"\" \/><\/a>\n\t\t\t<\/dt><\/dl><dl class='gallery-item'>\n\t\t\t<dt class='gallery-icon portrait'>\n\t\t\t\t<a href='https:\/\/www.drijfzand.nl\/?attachment_id=673'><img loading=\"lazy\" decoding=\"async\" width=\"150\" height=\"150\" src=\"https:\/\/www.drijfzand.nl\/httpdocs\/wp-content\/uploads\/filosofieleraar-150x150.jpg\" class=\"attachment-thumbnail size-thumbnail\" alt=\"\" \/><\/a>\n\t\t\t<\/dt><\/dl><br style=\"clear: both\" \/>\n\t\t<\/div>\n\n<p>&nbsp;<\/p>\n<p>&nbsp;<\/p>\n<div class='shareinpost'><ul class=\"socialwrap row\"><li class=\"icon_text share\">share:<\/li><li class=\"icon_text\"><a  rel='nofollow'  target='_blank'  title='Tip this post : Le Bourgeois Gentilhomme on Hyves'  href='http:\/\/hyves-share.nl\/button\/tip\/?tipcategoryid=12&amp;rating=5&amp;title=https%3A%2F%2Fwww.drijfzand.nl%2F%3Fpage_id%3D129&amp;body=Le+Bourgeois+Gentilhomme'  ><img  src='http:\/\/www.drijfzand.nl\/wp-content\/plugins\/share-and-follow\/images\/blank.gif'  height='16' width='16'  class='image-16' alt='hyves'  style='background: transparent url(http:\/\/www.drijfzand.nl\/wp-content\/plugins\/share-and-follow\/default\/16\/sprite-feb-16.png) no-repeat;padding:0;margin:0;height:16px;width:16px;background-position:-459px 0px'   \/> <span class=\"head\">Tip on Hyves<\/span><\/a><\/li><li class=\"icon_text\"><a  rel='nofollow'  target='_blank'  title='Tweet this post : Le Bourgeois Gentilhomme on Twitter'  href=\"http:\/\/twitter.com\/share?url=https%3A%2F%2Fwww.drijfzand.nl%2F%3Fpage_id%3D129&amp;text=\"  ><img  src='http:\/\/www.drijfzand.nl\/wp-content\/plugins\/share-and-follow\/images\/blank.gif'  height='16' width='16'  class='image-16' alt='twitter'  style='background: transparent url(http:\/\/www.drijfzand.nl\/wp-content\/plugins\/share-and-follow\/default\/16\/sprite-feb-16.png) no-repeat;padding:0;margin:0;height:16px;width:16px;background-position:-1105px 0px'   \/> <span class=\"head\">Tweet about it<\/span><\/a><\/li><li class=\"icon_text\"><a rel=\"_self\" href=\"https:\/\/www.drijfzand.nl\/?page_id=129&feed=rss2\" title=\"Follow this post : Le Bourgeois Gentilhomme comments\"><img loading=\"lazy\" decoding=\"async\" src=\"http:\/\/www.drijfzand.nl\/wp-content\/plugins\/share-and-follow\/images\/blank.gif\" height=\"16\"  width=\"16\" style=\"background: transparent url(http:\/\/www.drijfzand.nl\/wp-content\/plugins\/share-and-follow\/default\/16\/sprite-feb-16.png) no-repeat;padding:0;margin:0;height:16px;width:16px;background-position:-918px 0px\" class=\"image-16\"  alt=\"rss\" \/> <span class=\"head\">Subscribe to the comments on this post<\/span><\/a><\/li><li class=\"icon_text\"><a rel=\"_self\" href=\"mailto:?subject=Drijfzand.nl%20:%20Le%20Bourgeois%20Gentilhomme&amp;body=here%20is%20a%20link%20to%20a%20site%20I%20really%20like.%20%20%20https:\/\/www.drijfzand.nl\/?page_id=129\" title=\"Tell a friend about this post : Le Bourgeois Gentilhomme \"><img loading=\"lazy\" decoding=\"async\" src=\"http:\/\/www.drijfzand.nl\/wp-content\/plugins\/share-and-follow\/images\/blank.gif\" height=\"16\"  width=\"16\" style=\"background: transparent url(http:\/\/www.drijfzand.nl\/wp-content\/plugins\/share-and-follow\/default\/16\/sprite-feb-16.png) no-repeat;padding:0;margin:0;height:16px;width:16px;background-position:-187px 0px\" class=\"image-16\"  alt=\"email\" \/> <span class=\"head\">Tell a friend<\/span><\/a><\/li><\/ul><div class=\"clean\"><\/div> <\/div><fb:like href='https:\/\/www.drijfzand.nl\/?page_id=129' send='true' layout='button_count' show_faces='true' width='450' height='65' action='like' colorscheme='light' font='lucida grande'><\/fb:like>","protected":false},"excerpt":{"rendered":"<p>&nbsp; &nbsp; &nbsp; &nbsp; &nbsp; &nbsp; &nbsp; &nbsp; &nbsp; &nbsp; &nbsp; &nbsp; &nbsp; &nbsp; &nbsp; Het zeventiende-eeuwse muziektheaterstuk van Moli\u00e8re. Het verhaal van meneer Jourdain, die alles in het leven [&hellip;]<\/p>\n","protected":false},"author":2,"featured_media":130,"parent":85,"menu_order":0,"comment_status":"open","ping_status":"open","template":"","meta":{"footnotes":"","_links_to":"","_links_to_target":""},"class_list":["post-129","page","type-page","status-publish","has-post-thumbnail","hentry"],"_links":{"self":[{"href":"https:\/\/www.drijfzand.nl\/index.php?rest_route=\/wp\/v2\/pages\/129","targetHints":{"allow":["GET"]}}],"collection":[{"href":"https:\/\/www.drijfzand.nl\/index.php?rest_route=\/wp\/v2\/pages"}],"about":[{"href":"https:\/\/www.drijfzand.nl\/index.php?rest_route=\/wp\/v2\/types\/page"}],"author":[{"embeddable":true,"href":"https:\/\/www.drijfzand.nl\/index.php?rest_route=\/wp\/v2\/users\/2"}],"replies":[{"embeddable":true,"href":"https:\/\/www.drijfzand.nl\/index.php?rest_route=%2Fwp%2Fv2%2Fcomments&post=129"}],"version-history":[{"count":5,"href":"https:\/\/www.drijfzand.nl\/index.php?rest_route=\/wp\/v2\/pages\/129\/revisions"}],"predecessor-version":[{"id":657,"href":"https:\/\/www.drijfzand.nl\/index.php?rest_route=\/wp\/v2\/pages\/129\/revisions\/657"}],"up":[{"embeddable":true,"href":"https:\/\/www.drijfzand.nl\/index.php?rest_route=\/wp\/v2\/pages\/85"}],"wp:featuredmedia":[{"embeddable":true,"href":"https:\/\/www.drijfzand.nl\/index.php?rest_route=\/wp\/v2\/media\/130"}],"wp:attachment":[{"href":"https:\/\/www.drijfzand.nl\/index.php?rest_route=%2Fwp%2Fv2%2Fmedia&parent=129"}],"curies":[{"name":"wp","href":"https:\/\/api.w.org\/{rel}","templated":true}]}}