{"id":159,"date":"2011-06-06T22:46:51","date_gmt":"2011-06-06T22:46:51","guid":{"rendered":"http:\/\/www.drijfzand.nl\/?page_id=159"},"modified":"2012-05-21T09:35:57","modified_gmt":"2012-05-21T09:35:57","slug":"tramlijn-begeerte","status":"publish","type":"page","link":"https:\/\/www.drijfzand.nl\/?page_id=159","title":{"rendered":"Tramlijn begeerte"},"content":{"rendered":"<fb:like href='https:\/\/www.drijfzand.nl\/?page_id=159' send='true' layout='button_count' show_faces='true' width='450' height='65' action='like' colorscheme='light' font='lucida grande'><\/fb:like><p>&nbsp;<\/p>\n<p><a href=\"http:\/\/www.drijfzand.nl\/httpdocs\/wp-content\/uploads\/tramlijn.jpg\"><img loading=\"lazy\" decoding=\"async\" class=\"alignright size-full wp-image-160\" title=\"tramlijn\" src=\"http:\/\/www.drijfzand.nl\/httpdocs\/wp-content\/uploads\/tramlijn.jpg\" alt=\"\" width=\"345\" height=\"480\" srcset=\"https:\/\/www.drijfzand.nl\/httpdocs\/wp-content\/uploads\/tramlijn.jpg 345w, https:\/\/www.drijfzand.nl\/httpdocs\/wp-content\/uploads\/tramlijn-215x300.jpg 215w\" sizes=\"auto, (max-width: 345px) 100vw, 345px\" \/><\/a><\/p>\n<p>&nbsp;<\/p>\n<p>&nbsp;<\/p>\n<p>&nbsp;<\/p>\n<p>&nbsp;<\/p>\n<p>&nbsp;<\/p>\n<p>&nbsp;<\/p>\n<p>&nbsp;<\/p>\n<p>&nbsp;<\/p>\n<p>&nbsp;<\/p>\n<p>&nbsp;<\/p>\n<p>&nbsp;<\/p>\n<p>&nbsp;<\/p>\n<p>&nbsp;<\/p>\n<p>&nbsp;<\/p>\n<p>&nbsp;<\/p>\n<p>&nbsp;<\/p>\n<p>Het beroemde verhaal van onderdrukte passie, verlangen en begeerte, verbeeld in de rauwe arbeider Stanley, zijn gevoelige schoonzuster Blanche en haar zuster Stella. Het leven met zijn drie\u00ebn onder \u00e9\u00e9n dak van een klein appartement in het zuiden van de V.S. leidt tot heftige spanningen.<\/p>\n<p>In deze integrale uitvoering van Tramlijn Begeerte door Drijfzand was de sfeer dermate realistisch en beklemmend dat het je naar de strot greep.<\/p>\n<p>Regie : Gerard van Rijnstra<\/p>\n<p>Spelers : Hans Lobbezoo, Th\u00e9r\u00e8se Osseweijer, Sione Twilt, Mike Spronkmans, Monique Schutte, Maarten Schutte, Arthur van Meurs, Jeroen van Berkum, Matty Bijsterbosch<\/p>\n\n\t\t<style type=\"text\/css\">\n\t\t\t#gallery-1 {\n\t\t\t\tmargin: auto;\n\t\t\t}\n\t\t\t#gallery-1 .gallery-item {\n\t\t\t\tfloat: left;\n\t\t\t\tmargin-top: 10px;\n\t\t\t\ttext-align: center;\n\t\t\t\twidth: 33%;\n\t\t\t}\n\t\t\t#gallery-1 img {\n\t\t\t\tborder: 2px solid #cfcfcf;\n\t\t\t}\n\t\t\t#gallery-1 .gallery-caption {\n\t\t\t\tmargin-left: 0;\n\t\t\t}\n\t\t\t\/* see gallery_shortcode() in wp-includes\/media.php *\/\n\t\t<\/style>\n\t\t<div id='gallery-1' class='gallery galleryid-159 gallery-columns-3 gallery-size-thumbnail'><dl class='gallery-item'>\n\t\t\t<dt class='gallery-icon portrait'>\n\t\t\t\t<a href='https:\/\/www.drijfzand.nl\/?attachment_id=160'><img loading=\"lazy\" decoding=\"async\" width=\"150\" height=\"150\" src=\"https:\/\/www.drijfzand.nl\/httpdocs\/wp-content\/uploads\/tramlijn-150x150.jpg\" class=\"attachment-thumbnail size-thumbnail\" alt=\"\" \/><\/a>\n\t\t\t<\/dt><\/dl><dl class='gallery-item'>\n\t\t\t<dt class='gallery-icon portrait'>\n\t\t\t\t<a href='https:\/\/www.drijfzand.nl\/?attachment_id=462'><img loading=\"lazy\" decoding=\"async\" width=\"150\" height=\"150\" src=\"https:\/\/www.drijfzand.nl\/httpdocs\/wp-content\/uploads\/4-10-matty-150x150.jpg\" class=\"attachment-thumbnail size-thumbnail\" alt=\"\" \/><\/a>\n\t\t\t<\/dt><\/dl><dl class='gallery-item'>\n\t\t\t<dt class='gallery-icon portrait'>\n\t\t\t\t<a href='https:\/\/www.drijfzand.nl\/?attachment_id=463'><img loading=\"lazy\" decoding=\"async\" width=\"150\" height=\"150\" src=\"https:\/\/www.drijfzand.nl\/httpdocs\/wp-content\/uploads\/C-37-150x150.jpg\" class=\"attachment-thumbnail size-thumbnail\" alt=\"\" \/><\/a>\n\t\t\t<\/dt><\/dl><br style=\"clear: both\" \/><dl class='gallery-item'>\n\t\t\t<dt class='gallery-icon portrait'>\n\t\t\t\t<a href='https:\/\/www.drijfzand.nl\/?attachment_id=467'><img loading=\"lazy\" decoding=\"async\" width=\"150\" height=\"150\" src=\"https:\/\/www.drijfzand.nl\/httpdocs\/wp-content\/uploads\/B-9a-150x150.jpg\" class=\"attachment-thumbnail size-thumbnail\" alt=\"\" \/><\/a>\n\t\t\t<\/dt><\/dl><dl class='gallery-item'>\n\t\t\t<dt class='gallery-icon portrait'>\n\t\t\t\t<a href='https:\/\/www.drijfzand.nl\/?attachment_id=468'><img loading=\"lazy\" decoding=\"async\" width=\"150\" height=\"150\" src=\"https:\/\/www.drijfzand.nl\/httpdocs\/wp-content\/uploads\/B-29-a-150x150.jpg\" class=\"attachment-thumbnail size-thumbnail\" alt=\"\" \/><\/a>\n\t\t\t<\/dt><\/dl><dl class='gallery-item'>\n\t\t\t<dt class='gallery-icon portrait'>\n\t\t\t\t<a href='https:\/\/www.drijfzand.nl\/?attachment_id=470'><img loading=\"lazy\" decoding=\"async\" width=\"150\" height=\"150\" src=\"https:\/\/www.drijfzand.nl\/httpdocs\/wp-content\/uploads\/4-10-matty1-150x150.jpg\" class=\"attachment-thumbnail size-thumbnail\" alt=\"\" \/><\/a>\n\t\t\t<\/dt><\/dl><br style=\"clear: both\" \/><dl class='gallery-item'>\n\t\t\t<dt class='gallery-icon portrait'>\n\t\t\t\t<a href='https:\/\/www.drijfzand.nl\/?attachment_id=471'><img loading=\"lazy\" decoding=\"async\" width=\"150\" height=\"150\" src=\"https:\/\/www.drijfzand.nl\/httpdocs\/wp-content\/uploads\/B-5a-deel-150x150.jpg\" class=\"attachment-thumbnail size-thumbnail\" alt=\"\" \/><\/a>\n\t\t\t<\/dt><\/dl><dl class='gallery-item'>\n\t\t\t<dt class='gallery-icon portrait'>\n\t\t\t\t<a href='https:\/\/www.drijfzand.nl\/?attachment_id=472'><img loading=\"lazy\" decoding=\"async\" width=\"150\" height=\"150\" src=\"https:\/\/www.drijfzand.nl\/httpdocs\/wp-content\/uploads\/B-9a1-150x150.jpg\" class=\"attachment-thumbnail size-thumbnail\" alt=\"\" \/><\/a>\n\t\t\t<\/dt><\/dl><dl class='gallery-item'>\n\t\t\t<dt class='gallery-icon portrait'>\n\t\t\t\t<a href='https:\/\/www.drijfzand.nl\/?attachment_id=473'><img loading=\"lazy\" decoding=\"async\" width=\"150\" height=\"150\" src=\"https:\/\/www.drijfzand.nl\/httpdocs\/wp-content\/uploads\/B-16a-150x150.jpg\" class=\"attachment-thumbnail size-thumbnail\" alt=\"\" \/><\/a>\n\t\t\t<\/dt><\/dl><br style=\"clear: both\" \/><dl class='gallery-item'>\n\t\t\t<dt class='gallery-icon portrait'>\n\t\t\t\t<a href='https:\/\/www.drijfzand.nl\/?attachment_id=474'><img loading=\"lazy\" decoding=\"async\" width=\"150\" height=\"150\" src=\"https:\/\/www.drijfzand.nl\/httpdocs\/wp-content\/uploads\/B-20a-150x150.jpg\" class=\"attachment-thumbnail size-thumbnail\" alt=\"\" \/><\/a>\n\t\t\t<\/dt><\/dl><dl class='gallery-item'>\n\t\t\t<dt class='gallery-icon portrait'>\n\t\t\t\t<a href='https:\/\/www.drijfzand.nl\/?attachment_id=475'><img loading=\"lazy\" decoding=\"async\" width=\"150\" height=\"150\" src=\"https:\/\/www.drijfzand.nl\/httpdocs\/wp-content\/uploads\/B-25a-150x150.jpg\" class=\"attachment-thumbnail size-thumbnail\" alt=\"\" \/><\/a>\n\t\t\t<\/dt><\/dl><dl class='gallery-item'>\n\t\t\t<dt class='gallery-icon portrait'>\n\t\t\t\t<a href='https:\/\/www.drijfzand.nl\/?attachment_id=476'><img loading=\"lazy\" decoding=\"async\" width=\"150\" height=\"150\" src=\"https:\/\/www.drijfzand.nl\/httpdocs\/wp-content\/uploads\/B-29-a1-150x150.jpg\" class=\"attachment-thumbnail size-thumbnail\" alt=\"\" \/><\/a>\n\t\t\t<\/dt><\/dl><br style=\"clear: both\" \/><dl class='gallery-item'>\n\t\t\t<dt class='gallery-icon portrait'>\n\t\t\t\t<a href='https:\/\/www.drijfzand.nl\/?attachment_id=477'><img loading=\"lazy\" decoding=\"async\" width=\"150\" height=\"150\" src=\"https:\/\/www.drijfzand.nl\/httpdocs\/wp-content\/uploads\/C-4-150x150.jpg\" class=\"attachment-thumbnail size-thumbnail\" alt=\"\" \/><\/a>\n\t\t\t<\/dt><\/dl><dl class='gallery-item'>\n\t\t\t<dt class='gallery-icon portrait'>\n\t\t\t\t<a href='https:\/\/www.drijfzand.nl\/?attachment_id=478'><img loading=\"lazy\" decoding=\"async\" width=\"150\" height=\"150\" src=\"https:\/\/www.drijfzand.nl\/httpdocs\/wp-content\/uploads\/C-5-150x150.jpg\" class=\"attachment-thumbnail size-thumbnail\" alt=\"\" \/><\/a>\n\t\t\t<\/dt><\/dl><dl class='gallery-item'>\n\t\t\t<dt class='gallery-icon portrait'>\n\t\t\t\t<a href='https:\/\/www.drijfzand.nl\/?attachment_id=479'><img loading=\"lazy\" decoding=\"async\" width=\"150\" height=\"150\" src=\"https:\/\/www.drijfzand.nl\/httpdocs\/wp-content\/uploads\/C-8-150x150.jpg\" class=\"attachment-thumbnail size-thumbnail\" alt=\"\" \/><\/a>\n\t\t\t<\/dt><\/dl><br style=\"clear: both\" \/><dl class='gallery-item'>\n\t\t\t<dt class='gallery-icon portrait'>\n\t\t\t\t<a href='https:\/\/www.drijfzand.nl\/?attachment_id=480'><img loading=\"lazy\" decoding=\"async\" width=\"150\" height=\"150\" src=\"https:\/\/www.drijfzand.nl\/httpdocs\/wp-content\/uploads\/C-13-150x150.jpg\" class=\"attachment-thumbnail size-thumbnail\" alt=\"\" \/><\/a>\n\t\t\t<\/dt><\/dl><dl class='gallery-item'>\n\t\t\t<dt class='gallery-icon portrait'>\n\t\t\t\t<a href='https:\/\/www.drijfzand.nl\/?attachment_id=481'><img loading=\"lazy\" decoding=\"async\" width=\"150\" height=\"150\" src=\"https:\/\/www.drijfzand.nl\/httpdocs\/wp-content\/uploads\/C-22-150x150.jpg\" class=\"attachment-thumbnail size-thumbnail\" alt=\"\" \/><\/a>\n\t\t\t<\/dt><\/dl><dl class='gallery-item'>\n\t\t\t<dt class='gallery-icon portrait'>\n\t\t\t\t<a href='https:\/\/www.drijfzand.nl\/?attachment_id=482'><img loading=\"lazy\" decoding=\"async\" width=\"150\" height=\"150\" src=\"https:\/\/www.drijfzand.nl\/httpdocs\/wp-content\/uploads\/C-27-150x150.jpg\" class=\"attachment-thumbnail size-thumbnail\" alt=\"\" \/><\/a>\n\t\t\t<\/dt><\/dl><br style=\"clear: both\" \/><dl class='gallery-item'>\n\t\t\t<dt class='gallery-icon portrait'>\n\t\t\t\t<a href='https:\/\/www.drijfzand.nl\/?attachment_id=483'><img loading=\"lazy\" decoding=\"async\" width=\"150\" height=\"150\" src=\"https:\/\/www.drijfzand.nl\/httpdocs\/wp-content\/uploads\/C-371-150x150.jpg\" class=\"attachment-thumbnail size-thumbnail\" alt=\"\" \/><\/a>\n\t\t\t<\/dt><\/dl>\n\t\t\t<br style='clear: both' \/>\n\t\t<\/div>\n\n<div class='shareinpost'><ul class=\"socialwrap row\"><li class=\"icon_text share\">share:<\/li><li class=\"icon_text\"><a  rel='nofollow'  target='_blank'  title='Tip this post : Tramlijn begeerte on Hyves'  href='http:\/\/hyves-share.nl\/button\/tip\/?tipcategoryid=12&amp;rating=5&amp;title=https%3A%2F%2Fwww.drijfzand.nl%2F%3Fpage_id%3D159&amp;body=Tramlijn+begeerte'  ><img  src='http:\/\/www.drijfzand.nl\/wp-content\/plugins\/share-and-follow\/images\/blank.gif'  height='16' width='16'  class='image-16' alt='hyves'  style='background: transparent url(http:\/\/www.drijfzand.nl\/wp-content\/plugins\/share-and-follow\/default\/16\/sprite-feb-16.png) no-repeat;padding:0;margin:0;height:16px;width:16px;background-position:-459px 0px'   \/> <span class=\"head\">Tip on Hyves<\/span><\/a><\/li><li class=\"icon_text\"><a  rel='nofollow'  target='_blank'  title='Tweet this post : Tramlijn begeerte on Twitter'  href=\"http:\/\/twitter.com\/share?url=https%3A%2F%2Fwww.drijfzand.nl%2F%3Fpage_id%3D159&amp;text=\"  ><img  src='http:\/\/www.drijfzand.nl\/wp-content\/plugins\/share-and-follow\/images\/blank.gif'  height='16' width='16'  class='image-16' alt='twitter'  style='background: transparent url(http:\/\/www.drijfzand.nl\/wp-content\/plugins\/share-and-follow\/default\/16\/sprite-feb-16.png) no-repeat;padding:0;margin:0;height:16px;width:16px;background-position:-1105px 0px'   \/> <span class=\"head\">Tweet about it<\/span><\/a><\/li><li class=\"icon_text\"><a rel=\"_self\" href=\"https:\/\/www.drijfzand.nl\/?page_id=159&feed=rss2\" title=\"Follow this post : Tramlijn begeerte comments\"><img loading=\"lazy\" decoding=\"async\" src=\"http:\/\/www.drijfzand.nl\/wp-content\/plugins\/share-and-follow\/images\/blank.gif\" height=\"16\"  width=\"16\" style=\"background: transparent url(http:\/\/www.drijfzand.nl\/wp-content\/plugins\/share-and-follow\/default\/16\/sprite-feb-16.png) no-repeat;padding:0;margin:0;height:16px;width:16px;background-position:-918px 0px\" class=\"image-16\"  alt=\"rss\" \/> <span class=\"head\">Subscribe to the comments on this post<\/span><\/a><\/li><li class=\"icon_text\"><a rel=\"_self\" href=\"mailto:?subject=Drijfzand.nl%20:%20Tramlijn%20begeerte&amp;body=here%20is%20a%20link%20to%20a%20site%20I%20really%20like.%20%20%20https:\/\/www.drijfzand.nl\/?page_id=159\" title=\"Tell a friend about this post : Tramlijn begeerte \"><img loading=\"lazy\" decoding=\"async\" src=\"http:\/\/www.drijfzand.nl\/wp-content\/plugins\/share-and-follow\/images\/blank.gif\" height=\"16\"  width=\"16\" style=\"background: transparent url(http:\/\/www.drijfzand.nl\/wp-content\/plugins\/share-and-follow\/default\/16\/sprite-feb-16.png) no-repeat;padding:0;margin:0;height:16px;width:16px;background-position:-187px 0px\" class=\"image-16\"  alt=\"email\" \/> <span class=\"head\">Tell a friend<\/span><\/a><\/li><\/ul><div class=\"clean\"><\/div> <\/div><fb:like href='https:\/\/www.drijfzand.nl\/?page_id=159' send='true' layout='button_count' show_faces='true' width='450' height='65' action='like' colorscheme='light' font='lucida grande'><\/fb:like>","protected":false},"excerpt":{"rendered":"<p>&nbsp; &nbsp; &nbsp; &nbsp; &nbsp; &nbsp; &nbsp; &nbsp; &nbsp; &nbsp; &nbsp; &nbsp; &nbsp; &nbsp; &nbsp; &nbsp; &nbsp; Het beroemde verhaal van onderdrukte passie, verlangen en begeerte, verbeeld in de rauwe [&hellip;]<\/p>\n","protected":false},"author":2,"featured_media":160,"parent":79,"menu_order":0,"comment_status":"open","ping_status":"open","template":"","meta":{"footnotes":"","_links_to":"","_links_to_target":""},"class_list":["post-159","page","type-page","status-publish","has-post-thumbnail","hentry"],"_links":{"self":[{"href":"https:\/\/www.drijfzand.nl\/index.php?rest_route=\/wp\/v2\/pages\/159","targetHints":{"allow":["GET"]}}],"collection":[{"href":"https:\/\/www.drijfzand.nl\/index.php?rest_route=\/wp\/v2\/pages"}],"about":[{"href":"https:\/\/www.drijfzand.nl\/index.php?rest_route=\/wp\/v2\/types\/page"}],"author":[{"embeddable":true,"href":"https:\/\/www.drijfzand.nl\/index.php?rest_route=\/wp\/v2\/users\/2"}],"replies":[{"embeddable":true,"href":"https:\/\/www.drijfzand.nl\/index.php?rest_route=%2Fwp%2Fv2%2Fcomments&post=159"}],"version-history":[{"count":8,"href":"https:\/\/www.drijfzand.nl\/index.php?rest_route=\/wp\/v2\/pages\/159\/revisions"}],"predecessor-version":[{"id":461,"href":"https:\/\/www.drijfzand.nl\/index.php?rest_route=\/wp\/v2\/pages\/159\/revisions\/461"}],"up":[{"embeddable":true,"href":"https:\/\/www.drijfzand.nl\/index.php?rest_route=\/wp\/v2\/pages\/79"}],"wp:featuredmedia":[{"embeddable":true,"href":"https:\/\/www.drijfzand.nl\/index.php?rest_route=\/wp\/v2\/media\/160"}],"wp:attachment":[{"href":"https:\/\/www.drijfzand.nl\/index.php?rest_route=%2Fwp%2Fv2%2Fmedia&parent=159"}],"curies":[{"name":"wp","href":"https:\/\/api.w.org\/{rel}","templated":true}]}}