{"id":4629,"date":"2018-01-10T12:29:08","date_gmt":"2018-01-10T12:29:08","guid":{"rendered":"http:\/\/www.drijfzand.nl\/?page_id=4629"},"modified":"2018-04-23T08:20:08","modified_gmt":"2018-04-23T08:20:08","slug":"wonderlijk-delfshaven","status":"publish","type":"page","link":"https:\/\/www.drijfzand.nl\/?page_id=4629","title":{"rendered":"Wonderlijk Delfshaven"},"content":{"rendered":"<fb:like href='https:\/\/www.drijfzand.nl\/?page_id=4629' send='true' layout='button_count' show_faces='true' width='450' height='65' action='like' colorscheme='light' font='lucida grande'><\/fb:like><p>&nbsp;<\/p>\n<h2><a href=\"http:\/\/www.drijfzand.nl\/?attachment_id=4645\" rel=\"attachment wp-att-4645\"><img loading=\"lazy\" decoding=\"async\" class=\"alignleft  wp-image-4645\" title=\"poster wonderlijk delfhaven copy\" src=\"http:\/\/www.drijfzand.nl\/httpdocs\/wp-content\/uploads\/poster-wonderlijk-delfhaven-copy-716x1024.jpg\" alt=\"\" width=\"692\" height=\"988\" \/><\/a><\/h2>\n<h2><\/h2>\n<h2><\/h2>\n<h1>WONDERLIJK DELFSHAVEN<\/h1>\n<p>Op zaterdag 14 en zondag 15 april 2018 vindt de eerste editie plaats van het theaterfestival Wonderlijk Delfshaven in Historisch Delfshaven. Georganiseerd door Drijfzand en Theater Netwerk Rotterdam.<\/p>\n<p>Op 6 bijzondere locaties worden er korte theatervoorstellingen opgevoerd.De bezoekers worden rondgeleid door Historisch Delfshaven van voorstelling naar voorstelling.<\/p>\n<p>Deze presentaties zijn speciaal voor Delfshaven \u00e8n de betreffende locatie geschreven.Laat u verrassen door onbekende plaatsen en unieke verhalen. Er is een beperkt aantal plaatsen dus wees er snel bij !<\/p>\n<h4>Papegaai van Piet :<\/h4>\n<p>Regie: Lennart Blom; Spelers: Annemieke van Lieshout, Sophie Zwaveling, Bibi Kok, , Rob van der Wiel, Anja Moll en Bram van Kemmere<\/p>\n<h4>Passage :<\/h4>\n<p>Regie: Annemieke Elstak; Spelers: Ria van der Linde, Katalin Vos, Annette Veenman, Mathilde Lucas, Sjoerd Wortelboer, Sandor Rabe en Bas van Eijk<\/p>\n<h4>En vanaf toen besloot ik profeet te zijn<\/h4>\n<p>Regie: Romy Rockx; Spelers : Jan van Dam en Jacques B\u00f6rger<\/p>\n<h4>Over 10 minuten is het allemaal voorbij<\/h4>\n<p>Regie: Wannes Zeeger; Spelers: Amir Naal, Tessa Timmers, Suzanne Dankers, Caroline Romeijn en Bernadette Fa\u00effe-Wiersma<\/p>\n<h4>Tovervlucht<\/h4>\n<p>Regie: P\u00e9 Bies en Kiki Luitwieler; Spelers: H\u00fcsn\u00fc Uysal, Jill Enserink, Emma Luiten, Nina van Tongeren, Nanne Bijlsma, en Judith van Leest<\/p>\n<h4>De Vertellers<\/h4>\n<p>Regie: Barbara Willemsen; Spelers : Jennie Cruz Calvo, Laila Moussa en Anthousa Asabina<\/p>\n<p>Aanvang : zaterdag 14 april 20.15 uur ; zondag 15 april 14.15 uur<\/p>\n<p>Vertrekpunt is de oude of Pelgrimvaderskerk om respectievelijk 19.45 en 13.45 uur.<\/p>\n<p>&nbsp;<\/p>\n<address>mede mogelijk gemaakt door steun van:<\/address>\n<address>gebiedscommissie Delfshaven en DeltaPORT donatiefonds<\/address>\n<p>\u00a0fotografie :\u00a0 Naomi Stekelenburg\n\t\t<style type=\"text\/css\">\n\t\t\t#gallery-1 {\n\t\t\t\tmargin: auto;\n\t\t\t}\n\t\t\t#gallery-1 .gallery-item {\n\t\t\t\tfloat: left;\n\t\t\t\tmargin-top: 10px;\n\t\t\t\ttext-align: center;\n\t\t\t\twidth: 25%;\n\t\t\t}\n\t\t\t#gallery-1 img {\n\t\t\t\tborder: 2px solid #cfcfcf;\n\t\t\t}\n\t\t\t#gallery-1 .gallery-caption {\n\t\t\t\tmargin-left: 0;\n\t\t\t}\n\t\t\t\/* see gallery_shortcode() in wp-includes\/media.php *\/\n\t\t<\/style>\n\t\t<div id='gallery-1' class='gallery galleryid-4629 gallery-columns-4 gallery-size-thumbnail'><dl class='gallery-item'>\n\t\t\t<dt class='gallery-icon landscape'>\n\t\t\t\t<a href='https:\/\/www.drijfzand.nl\/?attachment_id=4741'><img loading=\"lazy\" decoding=\"async\" width=\"150\" height=\"150\" src=\"https:\/\/www.drijfzand.nl\/httpdocs\/wp-content\/uploads\/DSC0206-150x150.jpg\" class=\"attachment-thumbnail size-thumbnail\" alt=\"\" \/><\/a>\n\t\t\t<\/dt><\/dl><dl class='gallery-item'>\n\t\t\t<dt class='gallery-icon portrait'>\n\t\t\t\t<a href='https:\/\/www.drijfzand.nl\/?attachment_id=4740'><img loading=\"lazy\" decoding=\"async\" width=\"150\" height=\"150\" src=\"https:\/\/www.drijfzand.nl\/httpdocs\/wp-content\/uploads\/DSC0197-e1548155945121-150x150.jpg\" class=\"attachment-thumbnail size-thumbnail\" alt=\"\" \/><\/a>\n\t\t\t<\/dt><\/dl><dl class='gallery-item'>\n\t\t\t<dt class='gallery-icon landscape'>\n\t\t\t\t<a href='https:\/\/www.drijfzand.nl\/?attachment_id=4739'><img loading=\"lazy\" decoding=\"async\" width=\"150\" height=\"150\" src=\"https:\/\/www.drijfzand.nl\/httpdocs\/wp-content\/uploads\/DSC0160-150x150.jpg\" class=\"attachment-thumbnail size-thumbnail\" alt=\"\" \/><\/a>\n\t\t\t<\/dt><\/dl><dl class='gallery-item'>\n\t\t\t<dt class='gallery-icon portrait'>\n\t\t\t\t<a href='https:\/\/www.drijfzand.nl\/?attachment_id=4738'><img loading=\"lazy\" decoding=\"async\" width=\"150\" height=\"150\" src=\"https:\/\/www.drijfzand.nl\/httpdocs\/wp-content\/uploads\/DSC0156-e1548155976899-150x150.jpg\" class=\"attachment-thumbnail size-thumbnail\" alt=\"\" \/><\/a>\n\t\t\t<\/dt><\/dl><br style=\"clear: both\" \/><dl class='gallery-item'>\n\t\t\t<dt class='gallery-icon portrait'>\n\t\t\t\t<a href='https:\/\/www.drijfzand.nl\/?attachment_id=4737'><img loading=\"lazy\" decoding=\"async\" width=\"150\" height=\"150\" src=\"https:\/\/www.drijfzand.nl\/httpdocs\/wp-content\/uploads\/DSC0099-e1548155997104-150x150.jpg\" class=\"attachment-thumbnail size-thumbnail\" alt=\"\" \/><\/a>\n\t\t\t<\/dt><\/dl><dl class='gallery-item'>\n\t\t\t<dt class='gallery-icon landscape'>\n\t\t\t\t<a href='https:\/\/www.drijfzand.nl\/?attachment_id=4736'><img loading=\"lazy\" decoding=\"async\" width=\"150\" height=\"150\" src=\"https:\/\/www.drijfzand.nl\/httpdocs\/wp-content\/uploads\/DSC0085-150x150.jpg\" class=\"attachment-thumbnail size-thumbnail\" alt=\"\" \/><\/a>\n\t\t\t<\/dt><\/dl><dl class='gallery-item'>\n\t\t\t<dt class='gallery-icon landscape'>\n\t\t\t\t<a href='https:\/\/www.drijfzand.nl\/?attachment_id=4735'><img loading=\"lazy\" decoding=\"async\" width=\"150\" height=\"150\" src=\"https:\/\/www.drijfzand.nl\/httpdocs\/wp-content\/uploads\/DSC0048-150x150.jpg\" class=\"attachment-thumbnail size-thumbnail\" alt=\"\" \/><\/a>\n\t\t\t<\/dt><\/dl><dl class='gallery-item'>\n\t\t\t<dt class='gallery-icon landscape'>\n\t\t\t\t<a href='https:\/\/www.drijfzand.nl\/?attachment_id=4734'><img loading=\"lazy\" decoding=\"async\" width=\"150\" height=\"150\" src=\"https:\/\/www.drijfzand.nl\/httpdocs\/wp-content\/uploads\/DSC00461-150x150.jpg\" class=\"attachment-thumbnail size-thumbnail\" alt=\"\" \/><\/a>\n\t\t\t<\/dt><\/dl><br style=\"clear: both\" \/><dl class='gallery-item'>\n\t\t\t<dt class='gallery-icon portrait'>\n\t\t\t\t<a href='https:\/\/www.drijfzand.nl\/?attachment_id=4733'><img loading=\"lazy\" decoding=\"async\" width=\"150\" height=\"150\" src=\"https:\/\/www.drijfzand.nl\/httpdocs\/wp-content\/uploads\/DSC0027-e1548156041607-150x150.jpg\" class=\"attachment-thumbnail size-thumbnail\" alt=\"\" \/><\/a>\n\t\t\t<\/dt><\/dl><dl class='gallery-item'>\n\t\t\t<dt class='gallery-icon landscape'>\n\t\t\t\t<a href='https:\/\/www.drijfzand.nl\/?attachment_id=4732'><img loading=\"lazy\" decoding=\"async\" width=\"150\" height=\"150\" src=\"https:\/\/www.drijfzand.nl\/httpdocs\/wp-content\/uploads\/DSC0012-150x150.jpg\" class=\"attachment-thumbnail size-thumbnail\" alt=\"\" \/><\/a>\n\t\t\t<\/dt><\/dl><dl class='gallery-item'>\n\t\t\t<dt class='gallery-icon portrait'>\n\t\t\t\t<a href='https:\/\/www.drijfzand.nl\/?attachment_id=4731'><img loading=\"lazy\" decoding=\"async\" width=\"150\" height=\"150\" src=\"https:\/\/www.drijfzand.nl\/httpdocs\/wp-content\/uploads\/DSC0002-e1548156065810-150x150.jpg\" class=\"attachment-thumbnail size-thumbnail\" alt=\"\" \/><\/a>\n\t\t\t<\/dt><\/dl><dl class='gallery-item'>\n\t\t\t<dt class='gallery-icon landscape'>\n\t\t\t\t<a href='https:\/\/www.drijfzand.nl\/?attachment_id=4730'><img loading=\"lazy\" decoding=\"async\" width=\"150\" height=\"150\" src=\"https:\/\/www.drijfzand.nl\/httpdocs\/wp-content\/uploads\/a8-150x150.jpg\" class=\"attachment-thumbnail size-thumbnail\" alt=\"\" \/><\/a>\n\t\t\t<\/dt><\/dl><br style=\"clear: both\" \/><dl class='gallery-item'>\n\t\t\t<dt class='gallery-icon landscape'>\n\t\t\t\t<a href='https:\/\/www.drijfzand.nl\/?attachment_id=4729'><img loading=\"lazy\" decoding=\"async\" width=\"150\" height=\"150\" src=\"https:\/\/www.drijfzand.nl\/httpdocs\/wp-content\/uploads\/a6-150x150.jpg\" class=\"attachment-thumbnail size-thumbnail\" alt=\"\" \/><\/a>\n\t\t\t<\/dt><\/dl><dl class='gallery-item'>\n\t\t\t<dt class='gallery-icon portrait'>\n\t\t\t\t<a href='https:\/\/www.drijfzand.nl\/?attachment_id=4728'><img loading=\"lazy\" decoding=\"async\" width=\"150\" height=\"150\" src=\"https:\/\/www.drijfzand.nl\/httpdocs\/wp-content\/uploads\/a3-e1548156095210-150x150.jpg\" class=\"attachment-thumbnail size-thumbnail\" alt=\"\" \/><\/a>\n\t\t\t<\/dt><\/dl><dl class='gallery-item'>\n\t\t\t<dt class='gallery-icon portrait'>\n\t\t\t\t<a href='https:\/\/www.drijfzand.nl\/?attachment_id=4727'><img loading=\"lazy\" decoding=\"async\" width=\"150\" height=\"150\" src=\"https:\/\/www.drijfzand.nl\/httpdocs\/wp-content\/uploads\/a1-e1548156115712-150x150.jpg\" class=\"attachment-thumbnail size-thumbnail\" alt=\"\" \/><\/a>\n\t\t\t<\/dt><\/dl><dl class='gallery-item'>\n\t\t\t<dt class='gallery-icon portrait'>\n\t\t\t\t<a href='https:\/\/www.drijfzand.nl\/?attachment_id=4726'><img loading=\"lazy\" decoding=\"async\" width=\"150\" height=\"150\" src=\"https:\/\/www.drijfzand.nl\/httpdocs\/wp-content\/uploads\/a-150x150.jpg\" class=\"attachment-thumbnail size-thumbnail\" alt=\"\" \/><\/a>\n\t\t\t<\/dt><\/dl><br style=\"clear: both\" \/><dl class='gallery-item'>\n\t\t\t<dt class='gallery-icon portrait'>\n\t\t\t\t<a href='https:\/\/www.drijfzand.nl\/?attachment_id=4631'><img loading=\"lazy\" decoding=\"async\" width=\"150\" height=\"150\" src=\"https:\/\/www.drijfzand.nl\/httpdocs\/wp-content\/uploads\/flyer-copy.jpg10-15net-150x150.jpg\" class=\"attachment-thumbnail size-thumbnail\" alt=\"\" \/><\/a>\n\t\t\t<\/dt><\/dl>\n\t\t\t<br style='clear: both' \/>\n\t\t<\/div>\n<\/p>\n<div class='shareinpost'><ul class=\"socialwrap row\"><li class=\"icon_text share\">share:<\/li><li class=\"icon_text\"><a  rel='nofollow'  target='_blank'  title='Tip this post : Wonderlijk Delfshaven on Hyves'  href='http:\/\/hyves-share.nl\/button\/tip\/?tipcategoryid=12&amp;rating=5&amp;title=https%3A%2F%2Fwww.drijfzand.nl%2F%3Fpage_id%3D4629&amp;body=Wonderlijk+Delfshaven'  ><img  src='http:\/\/www.drijfzand.nl\/wp-content\/plugins\/share-and-follow\/images\/blank.gif'  height='16' width='16'  class='image-16' alt='hyves'  style='background: transparent url(http:\/\/www.drijfzand.nl\/wp-content\/plugins\/share-and-follow\/default\/16\/sprite-feb-16.png) no-repeat;padding:0;margin:0;height:16px;width:16px;background-position:-459px 0px'   \/> <span class=\"head\">Tip on Hyves<\/span><\/a><\/li><li class=\"icon_text\"><a  rel='nofollow'  target='_blank'  title='Tweet this post : Wonderlijk Delfshaven on Twitter'  href=\"http:\/\/twitter.com\/share?url=https%3A%2F%2Fwww.drijfzand.nl%2F%3Fpage_id%3D4629&amp;text=\"  ><img  src='http:\/\/www.drijfzand.nl\/wp-content\/plugins\/share-and-follow\/images\/blank.gif'  height='16' width='16'  class='image-16' alt='twitter'  style='background: transparent url(http:\/\/www.drijfzand.nl\/wp-content\/plugins\/share-and-follow\/default\/16\/sprite-feb-16.png) no-repeat;padding:0;margin:0;height:16px;width:16px;background-position:-1105px 0px'   \/> <span class=\"head\">Tweet about it<\/span><\/a><\/li><li class=\"icon_text\"><a rel=\"_self\" href=\"https:\/\/www.drijfzand.nl\/?page_id=4629&feed=rss2\" title=\"Follow this post : Wonderlijk Delfshaven comments\"><img loading=\"lazy\" decoding=\"async\" src=\"http:\/\/www.drijfzand.nl\/wp-content\/plugins\/share-and-follow\/images\/blank.gif\" height=\"16\"  width=\"16\" style=\"background: transparent url(http:\/\/www.drijfzand.nl\/wp-content\/plugins\/share-and-follow\/default\/16\/sprite-feb-16.png) no-repeat;padding:0;margin:0;height:16px;width:16px;background-position:-918px 0px\" class=\"image-16\"  alt=\"rss\" \/> <span class=\"head\">Subscribe to the comments on this post<\/span><\/a><\/li><li class=\"icon_text\"><a rel=\"_self\" href=\"mailto:?subject=Drijfzand.nl%20:%20Wonderlijk%20Delfshaven&amp;body=here%20is%20a%20link%20to%20a%20site%20I%20really%20like.%20%20%20https:\/\/www.drijfzand.nl\/?page_id=4629\" title=\"Tell a friend about this post : Wonderlijk Delfshaven \"><img loading=\"lazy\" decoding=\"async\" src=\"http:\/\/www.drijfzand.nl\/wp-content\/plugins\/share-and-follow\/images\/blank.gif\" height=\"16\"  width=\"16\" style=\"background: transparent url(http:\/\/www.drijfzand.nl\/wp-content\/plugins\/share-and-follow\/default\/16\/sprite-feb-16.png) no-repeat;padding:0;margin:0;height:16px;width:16px;background-position:-187px 0px\" class=\"image-16\"  alt=\"email\" \/> <span class=\"head\">Tell a friend<\/span><\/a><\/li><\/ul><div class=\"clean\"><\/div> <\/div><fb:like href='https:\/\/www.drijfzand.nl\/?page_id=4629' send='true' layout='button_count' show_faces='true' width='450' height='65' action='like' colorscheme='light' font='lucida grande'><\/fb:like>","protected":false},"excerpt":{"rendered":"<p>&nbsp; WONDERLIJK DELFSHAVEN Op zaterdag 14 en zondag 15 april 2018 vindt de eerste editie plaats van het theaterfestival Wonderlijk Delfshaven in Historisch Delfshaven. Georganiseerd door Drijfzand en Theater Netwerk [&hellip;]<\/p>\n","protected":false},"author":4,"featured_media":0,"parent":4722,"menu_order":0,"comment_status":"closed","ping_status":"open","template":"","meta":{"footnotes":"","_links_to":"","_links_to_target":""},"class_list":["post-4629","page","type-page","status-publish","hentry"],"_links":{"self":[{"href":"https:\/\/www.drijfzand.nl\/index.php?rest_route=\/wp\/v2\/pages\/4629","targetHints":{"allow":["GET"]}}],"collection":[{"href":"https:\/\/www.drijfzand.nl\/index.php?rest_route=\/wp\/v2\/pages"}],"about":[{"href":"https:\/\/www.drijfzand.nl\/index.php?rest_route=\/wp\/v2\/types\/page"}],"author":[{"embeddable":true,"href":"https:\/\/www.drijfzand.nl\/index.php?rest_route=\/wp\/v2\/users\/4"}],"replies":[{"embeddable":true,"href":"https:\/\/www.drijfzand.nl\/index.php?rest_route=%2Fwp%2Fv2%2Fcomments&post=4629"}],"version-history":[{"count":23,"href":"https:\/\/www.drijfzand.nl\/index.php?rest_route=\/wp\/v2\/pages\/4629\/revisions"}],"predecessor-version":[{"id":4743,"href":"https:\/\/www.drijfzand.nl\/index.php?rest_route=\/wp\/v2\/pages\/4629\/revisions\/4743"}],"up":[{"embeddable":true,"href":"https:\/\/www.drijfzand.nl\/index.php?rest_route=\/wp\/v2\/pages\/4722"}],"wp:attachment":[{"href":"https:\/\/www.drijfzand.nl\/index.php?rest_route=%2Fwp%2Fv2%2Fmedia&parent=4629"}],"curies":[{"name":"wp","href":"https:\/\/api.w.org\/{rel}","templated":true}]}}