{"id":4789,"date":"2018-07-30T08:14:13","date_gmt":"2018-07-30T08:14:13","guid":{"rendered":"http:\/\/www.drijfzand.nl\/?page_id=4789"},"modified":"2019-04-09T15:42:02","modified_gmt":"2019-04-09T15:42:02","slug":"orestes","status":"publish","type":"page","link":"https:\/\/www.drijfzand.nl\/?page_id=4789","title":{"rendered":"Orestes"},"content":{"rendered":"<fb:like href='https:\/\/www.drijfzand.nl\/?page_id=4789' send='true' layout='button_count' show_faces='true' width='450' height='65' action='like' colorscheme='light' font='lucida grande'><\/fb:like><h2><a href=\"http:\/\/www.drijfzand.nl\/?attachment_id=4910\" rel=\"attachment wp-att-4910\"><img loading=\"lazy\" decoding=\"async\" class=\"alignleft size-large wp-image-4910\" title=\"000014-vignet-poster-copyne\" src=\"http:\/\/www.drijfzand.nl\/httpdocs\/wp-content\/uploads\/000014-vignet-poster-copyne1-685x1024.jpg\" alt=\"\" width=\"685\" height=\"1024\" \/><\/a><\/h2>\n<h2>\u00a0<\/h2>\n<div>\n<p><strong>ORESTES<\/strong><\/p>\n<p><strong>U kent dit Griekse verhaal misschien wel: een zoon vermoordt zijn moeder, nadat zij overspel heeft gepleegd. Hij wordt vervolgens getergd door wraakgodinnen uit een andere wereld en door de gewone stervelingen veroordeeld tot de dood. Dat is een tragedie, toch? Theatergroep Drijfzand speelt dit jaar het verhaal van Orestes, maar m\u00e9t een verrassende twist. <\/strong><\/p>\n<p>Het Griekse drama Orestes werd geschreven door Euripides. En inderdaad, alle ingredi\u00ebnten voor dramatisch epos zijn aanwezig: een held (of juist niet?), zijn kwaadaardig-lieftallige zuster, boze mannen, een Olympische God en razende Furi\u00ebn. Orestes wordt heen en weer gekaatst tussen lot, bestemming, wet en wanhoop. Maar op het eind klinkt de opmerking: \u201cwat een komedie!\u201d<\/p>\n<p>Want is Orestes wel een tragedie? Alle ingredi\u00ebnten voor een komedie zijn \u00f3\u00f3k aanwezig: een rappende koning, een hilarische slaaf, een heupwiegende Helena en wraakgodinnen die als furieuze kopzorgen de draak steken met Orestes\u2019 heldhaftigheid. Hoe het eindigt? Dat kunt u in maart 2019 zien op twee verschillende locaties in Rotterdam.<\/p>\n<p>Nieuwsgierig geworden naar deze unieke theaterervaring? Reserveer dan tijdig een goede stoel in het \u2018Theatron\u2019.<\/p>\n<p><strong>Drijfzand speelt Orestes op:<\/strong><\/p>\n<ul>\n<li>1, 2, 3 en 8, 9 en 10 maart 2019 in Het Zakkendragershuisje (Voorstraat 13, Rotterdam)<\/li>\n<\/ul>\n<ul>\n<li>15, 16 en 17 maart 2019 in Theater In de Lugt (De Lugt 17, Rotterdam-Overschie)<\/li>\n<\/ul>\n<p>Spel :<br \/>Sjoerd Wortelboer;\u00a0 Anja Beverwijk; Eric Heugens; Stella Zwaan; Eric van Poederooijen; Bertram Burggraaf; Jolijn van Keulen; Liselore Suur, Hester Eekhof, Sylvia van Eijnatten; Jacques B\u00f6rger; Piet Hein van Gilse<\/p>\n<\/div>\n<p>Regie: Gerard van Rijnstra &#8211; Productie: Edith Hazebroek, Drijfzand Theaterproducties<\/p>\n<p><strong>aanvangstijden<\/strong> : vrijdag\/zaterdag : 20.15 uur zondag : 14.15 uur<\/p>\n<p><strong>entree<\/strong> : Zakkendragershuisje: \u20ac 12,50\u00a0\u00a0 IndeLugt: \u20ac 14,50<\/p>\n<h2><a title=\"trailer\" href=\"https:\/\/youtu.be\/RfSMKEgMlMM\"><strong>TRAILER<\/strong><\/a><\/h2>\n<p><em>Orestes is mede mogelijk gemaakt door:<\/em><br \/><em>Elise Mathildefonds<\/em><br \/><em>stichting ter bevordering Volkskracht<\/em><br \/><em>Erasmusfonds<\/em><\/p>\n<p>fotografie : Naomi Stekelenburg<\/p>\n<p>\u00a0<\/p>\n<p><!--more--><\/p>\n\n\n<ul class=\"wp-block-gallery columns-3 is-cropped wp-block-gallery-1 is-layout-flex wp-block-gallery-is-layout-flex\"><li class=\"blocks-gallery-item\"><figure><img loading=\"lazy\" decoding=\"async\" width=\"1024\" height=\"682\" src=\"http:\/\/www.drijfzand.nl\/httpdocs\/wp-content\/uploads\/DSC0026-1024x682.jpg\" alt=\"\" data-id=\"5062\" data-link=\"http:\/\/www.drijfzand.nl\/?attachment_id=5062\" class=\"wp-image-5062\" srcset=\"https:\/\/www.drijfzand.nl\/httpdocs\/wp-content\/uploads\/DSC0026-1024x682.jpg 1024w, https:\/\/www.drijfzand.nl\/httpdocs\/wp-content\/uploads\/DSC0026-300x200.jpg 300w, https:\/\/www.drijfzand.nl\/httpdocs\/wp-content\/uploads\/DSC0026-768x512.jpg 768w, https:\/\/www.drijfzand.nl\/httpdocs\/wp-content\/uploads\/DSC0026.jpg 1772w\" sizes=\"auto, (max-width: 1024px) 100vw, 1024px\" \/><\/figure><\/li><li class=\"blocks-gallery-item\"><figure><img loading=\"lazy\" decoding=\"async\" width=\"693\" height=\"1024\" src=\"http:\/\/www.drijfzand.nl\/httpdocs\/wp-content\/uploads\/DSC0028-693x1024.jpg\" alt=\"\" data-id=\"5063\" data-link=\"http:\/\/www.drijfzand.nl\/?attachment_id=5063\" class=\"wp-image-5063\" srcset=\"https:\/\/www.drijfzand.nl\/httpdocs\/wp-content\/uploads\/DSC0028-693x1024.jpg 693w, https:\/\/www.drijfzand.nl\/httpdocs\/wp-content\/uploads\/DSC0028-203x300.jpg 203w, https:\/\/www.drijfzand.nl\/httpdocs\/wp-content\/uploads\/DSC0028-768x1134.jpg 768w, https:\/\/www.drijfzand.nl\/httpdocs\/wp-content\/uploads\/DSC0028.jpg 1200w\" sizes=\"auto, (max-width: 693px) 100vw, 693px\" \/><\/figure><\/li><li class=\"blocks-gallery-item\"><figure><img loading=\"lazy\" decoding=\"async\" width=\"1024\" height=\"682\" src=\"http:\/\/www.drijfzand.nl\/httpdocs\/wp-content\/uploads\/DSC0031-1024x682.jpg\" alt=\"\" data-id=\"5064\" data-link=\"http:\/\/www.drijfzand.nl\/?attachment_id=5064\" class=\"wp-image-5064\" srcset=\"https:\/\/www.drijfzand.nl\/httpdocs\/wp-content\/uploads\/DSC0031-1024x682.jpg 1024w, https:\/\/www.drijfzand.nl\/httpdocs\/wp-content\/uploads\/DSC0031-300x200.jpg 300w, https:\/\/www.drijfzand.nl\/httpdocs\/wp-content\/uploads\/DSC0031-768x512.jpg 768w, https:\/\/www.drijfzand.nl\/httpdocs\/wp-content\/uploads\/DSC0031.jpg 1772w\" sizes=\"auto, (max-width: 1024px) 100vw, 1024px\" \/><\/figure><\/li><li class=\"blocks-gallery-item\"><figure><img loading=\"lazy\" decoding=\"async\" width=\"682\" height=\"1024\" src=\"http:\/\/www.drijfzand.nl\/httpdocs\/wp-content\/uploads\/DSC0034-682x1024.jpg\" alt=\"\" data-id=\"5065\" data-link=\"http:\/\/www.drijfzand.nl\/?attachment_id=5065\" class=\"wp-image-5065\" srcset=\"https:\/\/www.drijfzand.nl\/httpdocs\/wp-content\/uploads\/DSC0034-682x1024.jpg 682w, https:\/\/www.drijfzand.nl\/httpdocs\/wp-content\/uploads\/DSC0034-200x300.jpg 200w, https:\/\/www.drijfzand.nl\/httpdocs\/wp-content\/uploads\/DSC0034-768x1152.jpg 768w, https:\/\/www.drijfzand.nl\/httpdocs\/wp-content\/uploads\/DSC0034.jpg 1181w\" sizes=\"auto, (max-width: 682px) 100vw, 682px\" \/><\/figure><\/li><li class=\"blocks-gallery-item\"><figure><img loading=\"lazy\" decoding=\"async\" width=\"1024\" height=\"675\" src=\"http:\/\/www.drijfzand.nl\/httpdocs\/wp-content\/uploads\/DSC0037-1024x675.jpg\" alt=\"\" data-id=\"5066\" data-link=\"http:\/\/www.drijfzand.nl\/?attachment_id=5066\" class=\"wp-image-5066\" srcset=\"https:\/\/www.drijfzand.nl\/httpdocs\/wp-content\/uploads\/DSC0037-1024x675.jpg 1024w, https:\/\/www.drijfzand.nl\/httpdocs\/wp-content\/uploads\/DSC0037-300x198.jpg 300w, https:\/\/www.drijfzand.nl\/httpdocs\/wp-content\/uploads\/DSC0037-768x506.jpg 768w, https:\/\/www.drijfzand.nl\/httpdocs\/wp-content\/uploads\/DSC0037.jpg 1772w\" sizes=\"auto, (max-width: 1024px) 100vw, 1024px\" \/><\/figure><\/li><li class=\"blocks-gallery-item\"><figure><img loading=\"lazy\" decoding=\"async\" width=\"1024\" height=\"682\" src=\"http:\/\/www.drijfzand.nl\/httpdocs\/wp-content\/uploads\/DSC0039-1024x682.jpg\" alt=\"\" data-id=\"5068\" data-link=\"http:\/\/www.drijfzand.nl\/?attachment_id=5068\" class=\"wp-image-5068\" srcset=\"https:\/\/www.drijfzand.nl\/httpdocs\/wp-content\/uploads\/DSC0039-1024x682.jpg 1024w, https:\/\/www.drijfzand.nl\/httpdocs\/wp-content\/uploads\/DSC0039-300x200.jpg 300w, https:\/\/www.drijfzand.nl\/httpdocs\/wp-content\/uploads\/DSC0039-768x512.jpg 768w, https:\/\/www.drijfzand.nl\/httpdocs\/wp-content\/uploads\/DSC0039.jpg 1772w\" sizes=\"auto, (max-width: 1024px) 100vw, 1024px\" \/><\/figure><\/li><li class=\"blocks-gallery-item\"><figure><img loading=\"lazy\" decoding=\"async\" width=\"682\" height=\"1024\" src=\"http:\/\/www.drijfzand.nl\/httpdocs\/wp-content\/uploads\/DSC0058-682x1024.jpg\" alt=\"\" data-id=\"5069\" data-link=\"http:\/\/www.drijfzand.nl\/?attachment_id=5069\" class=\"wp-image-5069\" srcset=\"https:\/\/www.drijfzand.nl\/httpdocs\/wp-content\/uploads\/DSC0058-682x1024.jpg 682w, https:\/\/www.drijfzand.nl\/httpdocs\/wp-content\/uploads\/DSC0058-200x300.jpg 200w, https:\/\/www.drijfzand.nl\/httpdocs\/wp-content\/uploads\/DSC0058-768x1152.jpg 768w, https:\/\/www.drijfzand.nl\/httpdocs\/wp-content\/uploads\/DSC0058.jpg 1181w\" sizes=\"auto, (max-width: 682px) 100vw, 682px\" \/><\/figure><\/li><li class=\"blocks-gallery-item\"><figure><img loading=\"lazy\" decoding=\"async\" width=\"1024\" height=\"682\" src=\"http:\/\/www.drijfzand.nl\/httpdocs\/wp-content\/uploads\/DSC0061-1024x682.jpg\" alt=\"\" data-id=\"5070\" data-link=\"http:\/\/www.drijfzand.nl\/?attachment_id=5070\" class=\"wp-image-5070\" srcset=\"https:\/\/www.drijfzand.nl\/httpdocs\/wp-content\/uploads\/DSC0061-1024x682.jpg 1024w, https:\/\/www.drijfzand.nl\/httpdocs\/wp-content\/uploads\/DSC0061-300x200.jpg 300w, https:\/\/www.drijfzand.nl\/httpdocs\/wp-content\/uploads\/DSC0061-768x512.jpg 768w, https:\/\/www.drijfzand.nl\/httpdocs\/wp-content\/uploads\/DSC0061.jpg 1772w\" sizes=\"auto, (max-width: 1024px) 100vw, 1024px\" \/><\/figure><\/li><li class=\"blocks-gallery-item\"><figure><img loading=\"lazy\" decoding=\"async\" width=\"682\" height=\"1024\" src=\"http:\/\/www.drijfzand.nl\/httpdocs\/wp-content\/uploads\/DSC0063-682x1024.jpg\" alt=\"\" data-id=\"5071\" data-link=\"http:\/\/www.drijfzand.nl\/?attachment_id=5071\" class=\"wp-image-5071\" srcset=\"https:\/\/www.drijfzand.nl\/httpdocs\/wp-content\/uploads\/DSC0063-682x1024.jpg 682w, https:\/\/www.drijfzand.nl\/httpdocs\/wp-content\/uploads\/DSC0063-200x300.jpg 200w, https:\/\/www.drijfzand.nl\/httpdocs\/wp-content\/uploads\/DSC0063-768x1152.jpg 768w, https:\/\/www.drijfzand.nl\/httpdocs\/wp-content\/uploads\/DSC0063.jpg 1181w\" sizes=\"auto, (max-width: 682px) 100vw, 682px\" \/><\/figure><\/li><li class=\"blocks-gallery-item\"><figure><img loading=\"lazy\" decoding=\"async\" width=\"1024\" height=\"682\" src=\"http:\/\/www.drijfzand.nl\/httpdocs\/wp-content\/uploads\/DSC0070-1024x682.jpg\" alt=\"\" data-id=\"5072\" data-link=\"http:\/\/www.drijfzand.nl\/?attachment_id=5072\" class=\"wp-image-5072\" srcset=\"https:\/\/www.drijfzand.nl\/httpdocs\/wp-content\/uploads\/DSC0070-1024x682.jpg 1024w, https:\/\/www.drijfzand.nl\/httpdocs\/wp-content\/uploads\/DSC0070-300x200.jpg 300w, https:\/\/www.drijfzand.nl\/httpdocs\/wp-content\/uploads\/DSC0070-768x512.jpg 768w, https:\/\/www.drijfzand.nl\/httpdocs\/wp-content\/uploads\/DSC0070.jpg 1772w\" sizes=\"auto, (max-width: 1024px) 100vw, 1024px\" \/><\/figure><\/li><li class=\"blocks-gallery-item\"><figure><img loading=\"lazy\" decoding=\"async\" width=\"1024\" height=\"682\" src=\"http:\/\/www.drijfzand.nl\/httpdocs\/wp-content\/uploads\/DSC0071-1024x682.jpg\" alt=\"\" data-id=\"5073\" data-link=\"http:\/\/www.drijfzand.nl\/?attachment_id=5073\" class=\"wp-image-5073\" srcset=\"https:\/\/www.drijfzand.nl\/httpdocs\/wp-content\/uploads\/DSC0071-1024x682.jpg 1024w, https:\/\/www.drijfzand.nl\/httpdocs\/wp-content\/uploads\/DSC0071-300x200.jpg 300w, https:\/\/www.drijfzand.nl\/httpdocs\/wp-content\/uploads\/DSC0071-768x512.jpg 768w, https:\/\/www.drijfzand.nl\/httpdocs\/wp-content\/uploads\/DSC0071.jpg 1772w\" sizes=\"auto, (max-width: 1024px) 100vw, 1024px\" \/><\/figure><\/li><li class=\"blocks-gallery-item\"><figure><img loading=\"lazy\" decoding=\"async\" width=\"1024\" height=\"682\" src=\"http:\/\/www.drijfzand.nl\/httpdocs\/wp-content\/uploads\/DSC0091-1024x682.jpg\" alt=\"\" data-id=\"5074\" data-link=\"http:\/\/www.drijfzand.nl\/?attachment_id=5074\" class=\"wp-image-5074\" srcset=\"https:\/\/www.drijfzand.nl\/httpdocs\/wp-content\/uploads\/DSC0091-1024x682.jpg 1024w, https:\/\/www.drijfzand.nl\/httpdocs\/wp-content\/uploads\/DSC0091-300x200.jpg 300w, https:\/\/www.drijfzand.nl\/httpdocs\/wp-content\/uploads\/DSC0091-768x512.jpg 768w, https:\/\/www.drijfzand.nl\/httpdocs\/wp-content\/uploads\/DSC0091.jpg 1772w\" sizes=\"auto, (max-width: 1024px) 100vw, 1024px\" \/><\/figure><\/li><li class=\"blocks-gallery-item\"><figure><img loading=\"lazy\" decoding=\"async\" width=\"1024\" height=\"682\" src=\"http:\/\/www.drijfzand.nl\/httpdocs\/wp-content\/uploads\/DSC0103-1024x682.jpg\" alt=\"\" data-id=\"5075\" data-link=\"http:\/\/www.drijfzand.nl\/?attachment_id=5075\" class=\"wp-image-5075\" srcset=\"https:\/\/www.drijfzand.nl\/httpdocs\/wp-content\/uploads\/DSC0103-1024x682.jpg 1024w, https:\/\/www.drijfzand.nl\/httpdocs\/wp-content\/uploads\/DSC0103-300x200.jpg 300w, https:\/\/www.drijfzand.nl\/httpdocs\/wp-content\/uploads\/DSC0103-768x512.jpg 768w, https:\/\/www.drijfzand.nl\/httpdocs\/wp-content\/uploads\/DSC0103.jpg 1772w\" sizes=\"auto, (max-width: 1024px) 100vw, 1024px\" \/><\/figure><\/li><li class=\"blocks-gallery-item\"><figure><img loading=\"lazy\" decoding=\"async\" width=\"1024\" height=\"682\" src=\"http:\/\/www.drijfzand.nl\/httpdocs\/wp-content\/uploads\/DSC0107-1024x682.jpg\" alt=\"\" data-id=\"5076\" data-link=\"http:\/\/www.drijfzand.nl\/?attachment_id=5076\" class=\"wp-image-5076\" srcset=\"https:\/\/www.drijfzand.nl\/httpdocs\/wp-content\/uploads\/DSC0107-1024x682.jpg 1024w, https:\/\/www.drijfzand.nl\/httpdocs\/wp-content\/uploads\/DSC0107-300x200.jpg 300w, https:\/\/www.drijfzand.nl\/httpdocs\/wp-content\/uploads\/DSC0107-768x512.jpg 768w, https:\/\/www.drijfzand.nl\/httpdocs\/wp-content\/uploads\/DSC0107.jpg 1772w\" sizes=\"auto, (max-width: 1024px) 100vw, 1024px\" \/><\/figure><\/li><li class=\"blocks-gallery-item\"><figure><img loading=\"lazy\" decoding=\"async\" width=\"682\" height=\"1024\" src=\"http:\/\/www.drijfzand.nl\/httpdocs\/wp-content\/uploads\/DSC0112-682x1024.jpg\" alt=\"\" data-id=\"5077\" data-link=\"http:\/\/www.drijfzand.nl\/?attachment_id=5077\" class=\"wp-image-5077\" srcset=\"https:\/\/www.drijfzand.nl\/httpdocs\/wp-content\/uploads\/DSC0112-682x1024.jpg 682w, https:\/\/www.drijfzand.nl\/httpdocs\/wp-content\/uploads\/DSC0112-200x300.jpg 200w, https:\/\/www.drijfzand.nl\/httpdocs\/wp-content\/uploads\/DSC0112-768x1152.jpg 768w, https:\/\/www.drijfzand.nl\/httpdocs\/wp-content\/uploads\/DSC0112.jpg 1181w\" sizes=\"auto, (max-width: 682px) 100vw, 682px\" \/><\/figure><\/li><li class=\"blocks-gallery-item\"><figure><img loading=\"lazy\" decoding=\"async\" width=\"1024\" height=\"682\" src=\"http:\/\/www.drijfzand.nl\/httpdocs\/wp-content\/uploads\/DSC0119-1024x682.jpg\" alt=\"\" data-id=\"5078\" data-link=\"http:\/\/www.drijfzand.nl\/?attachment_id=5078\" class=\"wp-image-5078\" srcset=\"https:\/\/www.drijfzand.nl\/httpdocs\/wp-content\/uploads\/DSC0119-1024x682.jpg 1024w, https:\/\/www.drijfzand.nl\/httpdocs\/wp-content\/uploads\/DSC0119-300x200.jpg 300w, https:\/\/www.drijfzand.nl\/httpdocs\/wp-content\/uploads\/DSC0119-768x512.jpg 768w, https:\/\/www.drijfzand.nl\/httpdocs\/wp-content\/uploads\/DSC0119.jpg 1772w\" sizes=\"auto, (max-width: 1024px) 100vw, 1024px\" \/><\/figure><\/li><li class=\"blocks-gallery-item\"><figure><img loading=\"lazy\" decoding=\"async\" width=\"682\" height=\"1024\" src=\"http:\/\/www.drijfzand.nl\/httpdocs\/wp-content\/uploads\/DSC0121-682x1024.jpg\" alt=\"\" data-id=\"5079\" data-link=\"http:\/\/www.drijfzand.nl\/?attachment_id=5079\" class=\"wp-image-5079\" srcset=\"https:\/\/www.drijfzand.nl\/httpdocs\/wp-content\/uploads\/DSC0121-682x1024.jpg 682w, https:\/\/www.drijfzand.nl\/httpdocs\/wp-content\/uploads\/DSC0121-200x300.jpg 200w, https:\/\/www.drijfzand.nl\/httpdocs\/wp-content\/uploads\/DSC0121-768x1152.jpg 768w, https:\/\/www.drijfzand.nl\/httpdocs\/wp-content\/uploads\/DSC0121.jpg 1181w\" sizes=\"auto, (max-width: 682px) 100vw, 682px\" \/><\/figure><\/li><li class=\"blocks-gallery-item\"><figure><img loading=\"lazy\" decoding=\"async\" width=\"1024\" height=\"682\" src=\"http:\/\/www.drijfzand.nl\/httpdocs\/wp-content\/uploads\/DSC0129-1024x682.jpg\" alt=\"\" data-id=\"5080\" data-link=\"http:\/\/www.drijfzand.nl\/?attachment_id=5080\" class=\"wp-image-5080\" srcset=\"https:\/\/www.drijfzand.nl\/httpdocs\/wp-content\/uploads\/DSC0129-1024x682.jpg 1024w, https:\/\/www.drijfzand.nl\/httpdocs\/wp-content\/uploads\/DSC0129-300x200.jpg 300w, https:\/\/www.drijfzand.nl\/httpdocs\/wp-content\/uploads\/DSC0129-768x512.jpg 768w, https:\/\/www.drijfzand.nl\/httpdocs\/wp-content\/uploads\/DSC0129.jpg 1772w\" sizes=\"auto, (max-width: 1024px) 100vw, 1024px\" \/><\/figure><\/li><li class=\"blocks-gallery-item\"><figure><img loading=\"lazy\" decoding=\"async\" width=\"682\" height=\"1024\" src=\"http:\/\/www.drijfzand.nl\/httpdocs\/wp-content\/uploads\/DSC0143-1-682x1024.jpg\" alt=\"\" data-id=\"5081\" data-link=\"http:\/\/www.drijfzand.nl\/?attachment_id=5081\" class=\"wp-image-5081\" srcset=\"https:\/\/www.drijfzand.nl\/httpdocs\/wp-content\/uploads\/DSC0143-1-682x1024.jpg 682w, https:\/\/www.drijfzand.nl\/httpdocs\/wp-content\/uploads\/DSC0143-1-200x300.jpg 200w, https:\/\/www.drijfzand.nl\/httpdocs\/wp-content\/uploads\/DSC0143-1-768x1152.jpg 768w, https:\/\/www.drijfzand.nl\/httpdocs\/wp-content\/uploads\/DSC0143-1.jpg 1181w\" sizes=\"auto, (max-width: 682px) 100vw, 682px\" \/><\/figure><\/li><li class=\"blocks-gallery-item\"><figure><img loading=\"lazy\" decoding=\"async\" width=\"1024\" height=\"682\" src=\"http:\/\/www.drijfzand.nl\/httpdocs\/wp-content\/uploads\/DSC0151-1024x682.jpg\" alt=\"\" data-id=\"5082\" data-link=\"http:\/\/www.drijfzand.nl\/?attachment_id=5082\" class=\"wp-image-5082\" srcset=\"https:\/\/www.drijfzand.nl\/httpdocs\/wp-content\/uploads\/DSC0151-1024x682.jpg 1024w, https:\/\/www.drijfzand.nl\/httpdocs\/wp-content\/uploads\/DSC0151-300x200.jpg 300w, https:\/\/www.drijfzand.nl\/httpdocs\/wp-content\/uploads\/DSC0151-768x512.jpg 768w, https:\/\/www.drijfzand.nl\/httpdocs\/wp-content\/uploads\/DSC0151.jpg 1772w\" sizes=\"auto, (max-width: 1024px) 100vw, 1024px\" \/><\/figure><\/li><li class=\"blocks-gallery-item\"><figure><img loading=\"lazy\" decoding=\"async\" width=\"682\" height=\"1024\" src=\"http:\/\/www.drijfzand.nl\/httpdocs\/wp-content\/uploads\/DSC0157-1-682x1024.jpg\" alt=\"\" data-id=\"5083\" data-link=\"http:\/\/www.drijfzand.nl\/?attachment_id=5083\" class=\"wp-image-5083\" srcset=\"https:\/\/www.drijfzand.nl\/httpdocs\/wp-content\/uploads\/DSC0157-1-682x1024.jpg 682w, https:\/\/www.drijfzand.nl\/httpdocs\/wp-content\/uploads\/DSC0157-1-200x300.jpg 200w, https:\/\/www.drijfzand.nl\/httpdocs\/wp-content\/uploads\/DSC0157-1-768x1152.jpg 768w, https:\/\/www.drijfzand.nl\/httpdocs\/wp-content\/uploads\/DSC0157-1.jpg 1181w\" sizes=\"auto, (max-width: 682px) 100vw, 682px\" \/><\/figure><\/li><\/ul>\n<div class='shareinpost'><ul class=\"socialwrap row\"><li class=\"icon_text share\">share:<\/li><li class=\"icon_text\"><a  rel='nofollow'  target='_blank'  title='Tip this post : Orestes on Hyves'  href='http:\/\/hyves-share.nl\/button\/tip\/?tipcategoryid=12&amp;rating=5&amp;title=https%3A%2F%2Fwww.drijfzand.nl%2F%3Fpage_id%3D4789&amp;body=Orestes'  ><img  src='http:\/\/www.drijfzand.nl\/wp-content\/plugins\/share-and-follow\/images\/blank.gif'  height='16' width='16'  class='image-16' alt='hyves'  style='background: transparent url(http:\/\/www.drijfzand.nl\/wp-content\/plugins\/share-and-follow\/default\/16\/sprite-feb-16.png) no-repeat;padding:0;margin:0;height:16px;width:16px;background-position:-459px 0px'   \/> <span class=\"head\">Tip on Hyves<\/span><\/a><\/li><li class=\"icon_text\"><a  rel='nofollow'  target='_blank'  title='Tweet this post : Orestes on Twitter'  href=\"http:\/\/twitter.com\/share?url=https%3A%2F%2Fwww.drijfzand.nl%2F%3Fpage_id%3D4789&amp;text=\"  ><img  src='http:\/\/www.drijfzand.nl\/wp-content\/plugins\/share-and-follow\/images\/blank.gif'  height='16' width='16'  class='image-16' alt='twitter'  style='background: transparent url(http:\/\/www.drijfzand.nl\/wp-content\/plugins\/share-and-follow\/default\/16\/sprite-feb-16.png) no-repeat;padding:0;margin:0;height:16px;width:16px;background-position:-1105px 0px'   \/> <span class=\"head\">Tweet about it<\/span><\/a><\/li><li class=\"icon_text\"><a rel=\"_self\" href=\"https:\/\/www.drijfzand.nl\/?page_id=4789&feed=rss2\" title=\"Follow this post : Orestes comments\"><img loading=\"lazy\" decoding=\"async\" src=\"http:\/\/www.drijfzand.nl\/wp-content\/plugins\/share-and-follow\/images\/blank.gif\" height=\"16\"  width=\"16\" style=\"background: transparent url(http:\/\/www.drijfzand.nl\/wp-content\/plugins\/share-and-follow\/default\/16\/sprite-feb-16.png) no-repeat;padding:0;margin:0;height:16px;width:16px;background-position:-918px 0px\" class=\"image-16\"  alt=\"rss\" \/> <span class=\"head\">Subscribe to the comments on this post<\/span><\/a><\/li><li class=\"icon_text\"><a rel=\"_self\" href=\"mailto:?subject=Drijfzand.nl%20:%20Orestes&amp;body=here%20is%20a%20link%20to%20a%20site%20I%20really%20like.%20%20%20https:\/\/www.drijfzand.nl\/?page_id=4789\" title=\"Tell a friend about this post : Orestes \"><img loading=\"lazy\" decoding=\"async\" src=\"http:\/\/www.drijfzand.nl\/wp-content\/plugins\/share-and-follow\/images\/blank.gif\" height=\"16\"  width=\"16\" style=\"background: transparent url(http:\/\/www.drijfzand.nl\/wp-content\/plugins\/share-and-follow\/default\/16\/sprite-feb-16.png) no-repeat;padding:0;margin:0;height:16px;width:16px;background-position:-187px 0px\" class=\"image-16\"  alt=\"email\" \/> <span class=\"head\">Tell a friend<\/span><\/a><\/li><\/ul><div class=\"clean\"><\/div> <\/div><fb:like href='https:\/\/www.drijfzand.nl\/?page_id=4789' send='true' layout='button_count' show_faces='true' width='450' height='65' action='like' colorscheme='light' font='lucida grande'><\/fb:like>","protected":false},"excerpt":{"rendered":"<p>\u00a0 ORESTES U kent dit Griekse verhaal misschien wel: een zoon vermoordt zijn moeder, nadat zij overspel heeft gepleegd. Hij wordt vervolgens getergd door wraakgodinnen uit een andere wereld en [&hellip;]<\/p>\n","protected":false},"author":4,"featured_media":0,"parent":5046,"menu_order":0,"comment_status":"closed","ping_status":"open","template":"","meta":{"footnotes":"","_links_to":"","_links_to_target":""},"class_list":["post-4789","page","type-page","status-publish","hentry"],"_links":{"self":[{"href":"https:\/\/www.drijfzand.nl\/index.php?rest_route=\/wp\/v2\/pages\/4789","targetHints":{"allow":["GET"]}}],"collection":[{"href":"https:\/\/www.drijfzand.nl\/index.php?rest_route=\/wp\/v2\/pages"}],"about":[{"href":"https:\/\/www.drijfzand.nl\/index.php?rest_route=\/wp\/v2\/types\/page"}],"author":[{"embeddable":true,"href":"https:\/\/www.drijfzand.nl\/index.php?rest_route=\/wp\/v2\/users\/4"}],"replies":[{"embeddable":true,"href":"https:\/\/www.drijfzand.nl\/index.php?rest_route=%2Fwp%2Fv2%2Fcomments&post=4789"}],"version-history":[{"count":31,"href":"https:\/\/www.drijfzand.nl\/index.php?rest_route=\/wp\/v2\/pages\/4789\/revisions"}],"predecessor-version":[{"id":5085,"href":"https:\/\/www.drijfzand.nl\/index.php?rest_route=\/wp\/v2\/pages\/4789\/revisions\/5085"}],"up":[{"embeddable":true,"href":"https:\/\/www.drijfzand.nl\/index.php?rest_route=\/wp\/v2\/pages\/5046"}],"wp:attachment":[{"href":"https:\/\/www.drijfzand.nl\/index.php?rest_route=%2Fwp%2Fv2%2Fmedia&parent=4789"}],"curies":[{"name":"wp","href":"https:\/\/api.w.org\/{rel}","templated":true}]}}